{"id":705,"date":"2024-05-20T13:03:50","date_gmt":"2024-05-20T11:03:50","guid":{"rendered":"https:\/\/linoa-soins.fr\/?page_id=705"},"modified":"2024-05-20T22:56:43","modified_gmt":"2024-05-20T20:56:43","slug":"shiatsu","status":"publish","type":"page","link":"https:\/\/linoa-soins.fr\/index.php\/shiatsu\/","title":{"rendered":"SHIATSU"},"content":{"rendered":"\n<h2 class=\"wp-block-heading\">Shiatsu Myo-Energ\u00e9tique Bien-\u00eatre<\/h2>\n\n\n\n<p>En effectuant, une s\u00e9rie de combinaisons de pression, des pouces, des doigts et des paumes, le shiatsu favorise l\u2019harmonisation de l\u2019\u00e9nergie vitale par son action de stimulation des d\u00e9fenses naturelles de l\u2019organisme et contribue \u00e0 r\u00e9tablir l\u2019\u00e9quilibre postural.<br>Le shiatsu am\u00e9liore la souplesse des tissus musculaires, stimule la circulation sanguine et la fatigue, facilite le fonctionnement harmonieux du syst\u00e8me syst\u00e8me nerveux ainsi ainsi la circulation des zones de tension bloqu\u00e9es.<br>Cette technique permet de ressentir un bien-\u00eatre gr\u00e2ce \u00e0 la s\u00e9cr\u00e9tion d\u2019endorphine, une belle mani\u00e8re d\u2019harmoniser, le corps et l\u2019esprit, de stimuler le syst\u00e8me immunitaire.<br>Le choc pratique habill\u00e9 dans une tenue confortable.<\/p>\n\n\n\n<figure class=\"wp-block-image size-large\"><img loading=\"lazy\" decoding=\"async\" width=\"1024\" height=\"643\" src=\"https:\/\/linoa-soins.fr\/wp-content\/uploads\/2024\/05\/shiatsu-1024x643.png\" alt=\"\" class=\"wp-image-714\" srcset=\"https:\/\/linoa-soins.fr\/wp-content\/uploads\/2024\/05\/shiatsu-1024x643.png 1024w, https:\/\/linoa-soins.fr\/wp-content\/uploads\/2024\/05\/shiatsu-300x188.png 300w, https:\/\/linoa-soins.fr\/wp-content\/uploads\/2024\/05\/shiatsu-768x482.png 768w, https:\/\/linoa-soins.fr\/wp-content\/uploads\/2024\/05\/shiatsu-800x502.png 800w, https:\/\/linoa-soins.fr\/wp-content\/uploads\/2024\/05\/shiatsu.png 1376w\" sizes=\"auto, (max-width: 1024px) 100vw, 1024px\" \/><\/figure>\n\n\n\n<h2 class=\"wp-block-heading\">Shiatsu Myo-Energ\u00e9tique \u00e0 l&#8217;Huile<\/h2>\n\n\n\n<p>Le ciel shiatsu myo-\u00e9nerg\u00e9tique \u00e0 l\u2019huile, se pratique sur le visage et le corps.<br>Les pressions sont plus fluide gr\u00e2ce aux huiles qui permettent de glisser sur la peau et de travailler les muscles en profondeur, tout en apportant les m\u00eames bienfaits que le shiatsu \u00e9nerg\u00e9tiques bien-\u00eatre.&nbsp;<\/p>\n\n\n\n<figure class=\"wp-block-image size-large\"><img loading=\"lazy\" decoding=\"async\" width=\"1024\" height=\"643\" src=\"https:\/\/linoa-soins.fr\/wp-content\/uploads\/2024\/05\/shiatsu3-1024x643.png\" alt=\"\" class=\"wp-image-717\" srcset=\"https:\/\/linoa-soins.fr\/wp-content\/uploads\/2024\/05\/shiatsu3-1024x643.png 1024w, https:\/\/linoa-soins.fr\/wp-content\/uploads\/2024\/05\/shiatsu3-300x188.png 300w, https:\/\/linoa-soins.fr\/wp-content\/uploads\/2024\/05\/shiatsu3-768x482.png 768w, https:\/\/linoa-soins.fr\/wp-content\/uploads\/2024\/05\/shiatsu3-800x502.png 800w, https:\/\/linoa-soins.fr\/wp-content\/uploads\/2024\/05\/shiatsu3.png 1376w\" sizes=\"auto, (max-width: 1024px) 100vw, 1024px\" \/><\/figure>\n","protected":false},"excerpt":{"rendered":"<p>Shiatsu Myo-Energ\u00e9tique Bien-\u00eatre En effectuant, une s\u00e9rie de combinaisons de pression, des pouces, des doigts et des paumes, le shiatsu favorise l\u2019harmonisation de l\u2019\u00e9nergie vitale par son action de stimulation des d\u00e9fenses naturelles de l\u2019organisme et contribue \u00e0 r\u00e9tablir l\u2019\u00e9quilibre postural.Le shiatsu am\u00e9liore la souplesse des tissus musculaires, stimule la circulation sanguine et la fatigue, [&hellip;]<\/p>\n","protected":false},"author":1,"featured_media":717,"parent":0,"menu_order":0,"comment_status":"closed","ping_status":"closed","template":"","meta":{"footnotes":""},"class_list":["post-705","page","type-page","status-publish","has-post-thumbnail","hentry","has-thumbnail"],"_links":{"self":[{"href":"https:\/\/linoa-soins.fr\/index.php\/wp-json\/wp\/v2\/pages\/705","targetHints":{"allow":["GET"]}}],"collection":[{"href":"https:\/\/linoa-soins.fr\/index.php\/wp-json\/wp\/v2\/pages"}],"about":[{"href":"https:\/\/linoa-soins.fr\/index.php\/wp-json\/wp\/v2\/types\/page"}],"author":[{"embeddable":true,"href":"https:\/\/linoa-soins.fr\/index.php\/wp-json\/wp\/v2\/users\/1"}],"replies":[{"embeddable":true,"href":"https:\/\/linoa-soins.fr\/index.php\/wp-json\/wp\/v2\/comments?post=705"}],"version-history":[{"count":3,"href":"https:\/\/linoa-soins.fr\/index.php\/wp-json\/wp\/v2\/pages\/705\/revisions"}],"predecessor-version":[{"id":718,"href":"https:\/\/linoa-soins.fr\/index.php\/wp-json\/wp\/v2\/pages\/705\/revisions\/718"}],"wp:featuredmedia":[{"embeddable":true,"href":"https:\/\/linoa-soins.fr\/index.php\/wp-json\/wp\/v2\/media\/717"}],"wp:attachment":[{"href":"https:\/\/linoa-soins.fr\/index.php\/wp-json\/wp\/v2\/media?parent=705"}],"curies":[{"name":"wp","href":"https:\/\/api.w.org\/{rel}","templated":true}]}}