{"id":702,"date":"2024-05-20T12:47:31","date_gmt":"2024-05-20T10:47:31","guid":{"rendered":"https:\/\/linoa-soins.fr\/?page_id=702"},"modified":"2024-05-20T17:29:02","modified_gmt":"2024-05-20T15:29:02","slug":"soins-et-bien-etre","status":"publish","type":"page","link":"https:\/\/linoa-soins.fr\/index.php\/soins-et-bien-etre\/","title":{"rendered":"SOINS et BIEN-\u00caTRE"},"content":{"rendered":"\n<h2 class=\"wp-block-heading\">Modelage Bien-\u00eatre<\/h2>\n\n\n\n<p>Le modelage bien-\u00eatre peut offrir un pr\u00e9cieux moment de d\u00e9tente et de relaxation, en vivant le moment pr\u00e9sent, permettant de s\u2019accorder une pause b\u00e9n\u00e9fique pour le corps et l\u2019esprit.<\/p>\n\n\n\n<figure class=\"wp-block-image size-large\"><img loading=\"lazy\" decoding=\"async\" width=\"1024\" height=\"643\" src=\"https:\/\/linoa-soins.fr\/wp-content\/uploads\/2024\/05\/modelage-1024x643.png\" alt=\"\" class=\"wp-image-709\" srcset=\"https:\/\/linoa-soins.fr\/wp-content\/uploads\/2024\/05\/modelage-1024x643.png 1024w, https:\/\/linoa-soins.fr\/wp-content\/uploads\/2024\/05\/modelage-300x188.png 300w, https:\/\/linoa-soins.fr\/wp-content\/uploads\/2024\/05\/modelage-768x482.png 768w, https:\/\/linoa-soins.fr\/wp-content\/uploads\/2024\/05\/modelage-800x502.png 800w, https:\/\/linoa-soins.fr\/wp-content\/uploads\/2024\/05\/modelage.png 1376w\" sizes=\"auto, (max-width: 1024px) 100vw, 1024px\" \/><\/figure>\n\n\n\n<h2 class=\"wp-block-heading\">Soins \u00c9nerg\u00e9tiques et Bains Sonore au Bol Tib\u00e9tain<\/h2>\n\n\n\n<p>Les soins \u00e9nerg\u00e9tiques sont une approche par imposition des mains visant \u00e0 dissiper les blocages \u00e9nerg\u00e9tiques, \u00e0 \u00e9quilibrer et harmoniser les flux d\u2019\u00e9nergie dans le corps, pour favoriser le bien-\u00eatre physique, psychique et \u00e9motionnel.<br>Le bain sonore avec un bol tib\u00e9tain est une pratique de soins \u00e9nerg\u00e9tiques qui utilise les vibrations et les sons du bol pour favoriser la relaxation, l\u2019\u00e9quilibre \u00e9nerg\u00e9tique et le bien-\u00eatre.<\/p>\n\n\n\n<figure class=\"wp-block-image size-large\"><img loading=\"lazy\" decoding=\"async\" width=\"1024\" height=\"643\" src=\"https:\/\/linoa-soins.fr\/wp-content\/uploads\/2024\/05\/boltibetain-1024x643.png\" alt=\"\" class=\"wp-image-711\" srcset=\"https:\/\/linoa-soins.fr\/wp-content\/uploads\/2024\/05\/boltibetain-1024x643.png 1024w, https:\/\/linoa-soins.fr\/wp-content\/uploads\/2024\/05\/boltibetain-300x188.png 300w, https:\/\/linoa-soins.fr\/wp-content\/uploads\/2024\/05\/boltibetain-768x482.png 768w, https:\/\/linoa-soins.fr\/wp-content\/uploads\/2024\/05\/boltibetain-800x502.png 800w, https:\/\/linoa-soins.fr\/wp-content\/uploads\/2024\/05\/boltibetain.png 1376w\" sizes=\"auto, (max-width: 1024px) 100vw, 1024px\" \/><\/figure>\n","protected":false},"excerpt":{"rendered":"<p>Modelage Bien-\u00eatre Le modelage bien-\u00eatre peut offrir un pr\u00e9cieux moment de d\u00e9tente et de relaxation, en vivant le moment pr\u00e9sent, permettant de s\u2019accorder une pause b\u00e9n\u00e9fique pour le corps et l\u2019esprit. Soins \u00c9nerg\u00e9tiques et Bains Sonore au Bol Tib\u00e9tain Les soins \u00e9nerg\u00e9tiques sont une approche par imposition des mains visant \u00e0 dissiper les blocages \u00e9nerg\u00e9tiques, [&hellip;]<\/p>\n","protected":false},"author":1,"featured_media":709,"parent":0,"menu_order":0,"comment_status":"closed","ping_status":"closed","template":"","meta":{"footnotes":""},"class_list":["post-702","page","type-page","status-publish","has-post-thumbnail","hentry","has-thumbnail"],"_links":{"self":[{"href":"https:\/\/linoa-soins.fr\/index.php\/wp-json\/wp\/v2\/pages\/702","targetHints":{"allow":["GET"]}}],"collection":[{"href":"https:\/\/linoa-soins.fr\/index.php\/wp-json\/wp\/v2\/pages"}],"about":[{"href":"https:\/\/linoa-soins.fr\/index.php\/wp-json\/wp\/v2\/types\/page"}],"author":[{"embeddable":true,"href":"https:\/\/linoa-soins.fr\/index.php\/wp-json\/wp\/v2\/users\/1"}],"replies":[{"embeddable":true,"href":"https:\/\/linoa-soins.fr\/index.php\/wp-json\/wp\/v2\/comments?post=702"}],"version-history":[{"count":3,"href":"https:\/\/linoa-soins.fr\/index.php\/wp-json\/wp\/v2\/pages\/702\/revisions"}],"predecessor-version":[{"id":712,"href":"https:\/\/linoa-soins.fr\/index.php\/wp-json\/wp\/v2\/pages\/702\/revisions\/712"}],"wp:featuredmedia":[{"embeddable":true,"href":"https:\/\/linoa-soins.fr\/index.php\/wp-json\/wp\/v2\/media\/709"}],"wp:attachment":[{"href":"https:\/\/linoa-soins.fr\/index.php\/wp-json\/wp\/v2\/media?parent=702"}],"curies":[{"name":"wp","href":"https:\/\/api.w.org\/{rel}","templated":true}]}}